{"id":114,"date":"2019-04-11T07:47:40","date_gmt":"2019-04-11T07:47:40","guid":{"rendered":"http:\/\/www.cabinet-velite.com\/?page_id=62"},"modified":"2023-07-21T11:35:07","modified_gmt":"2023-07-21T09:35:07","slug":"mentions-legales","status":"publish","type":"page","link":"https:\/\/www.cabinet-velite.com\/en\/mentions-legales\/","title":{"rendered":"Mentions l\u00e9gales"},"content":{"rendered":"<h2>Informations<\/h2>\n<p>Directeur de la publication :<br \/>\nPierre-Marie de Berny<br \/>\nCoordonn\u00e9es :<br \/>\n<strong>V\u00e9lite<\/strong><br \/>\n145, rue Yves Le Coz<br \/>\nF-78000 Versailles<br \/>\nFrance<\/p>\n<h2>Informations l\u00e9gales<\/h2>\n<p>Cabinet V\u00e9lite \u2013 Siret : 515 208 486 00040<br \/>\nLe site www.cabinet-velite.com est h\u00e9berg\u00e9 par la soci\u00e9t\u00e9 Alwaysdata.<br \/>\nLa r\u00e9servation du nom de domaine cabinet-velite.com a \u00e9t\u00e9 effectu\u00e9 par V\u00e9lite selon les dispositions en vigueur aupr\u00e8s de l\u2019<a href=\"http:\/\/afnic.fr\">AFNIC<\/a>.<\/p>\n<h2>L\u00e9gislation<\/h2>\n<p>Droit d\u2019auteur et propri\u00e9t\u00e9 intellectuelle Selon la loi du 11 mars 1957 (art.41) et du code de la propri\u00e9t\u00e9 intellectuelle du 1er juillet 1992, le site internet www.cabinet-velite.com (textes, \u00e9l\u00e9ments graphiques, photographies, etc.) constitue une \u0153uvre prot\u00e9g\u00e9e en France par le Code de la Propri\u00e9t\u00e9 intellectuelle, et \u00e0 l\u2019\u00e9tranger par les conventions internationales en vigueur sur le droit d\u2019auteur.<\/p>\n<h2>Cookies<\/h2>\n<p>Le site cabinet-velite.com utilise des cookies analytiques. Si vous ne souhaitez pas que Cabinet V\u00e9lite enregistre des cookies dans votre navigateur \u00e0 des fins de mesures d\u2019audience, vous pouvez cliquer sur les liens suivants o\u00f9 vous trouverez des informations suppl\u00e9mentaires :<br \/>\nhttps :\/\/tools.google.com\/dlpage\/gaoptout<\/p>\n<h2>Donn\u00e9es \u00e0 caract\u00e8re personnel<\/h2>\n<p>En application de la loi n\u00b078-17 du 6 janvier 1978 relative \u00e0 l\u2019informatique, aux fichiers et aux libert\u00e9s, l\u2019internaute dispose du droit d\u2019opposition (art. 26 de la loi), d\u2019acc\u00e8s (art. 34 \u00e0 38 de la loi) et de rectification.<br \/>\nPour exercer ce droit vous pouvez vous adresser \u00e0 :<br \/>\nCabinet V\u00e9lite &#8211; 145, rue Yves Le Coz &#8211; 78000 Versailles ou en nous envoyant un e-mail \u00e0 <a href=\"mailto:contact@cabinet-velite.com\">contact@cabinet-velite.com<\/a>, en pr\u00e9cisant l\u2019objet de votre demande.<\/p>\n<h2>Hyperliens<\/h2>\n<p>La pr\u00e9sence des liens hypertextes vers d\u2019autres sites internet n\u2019engage pas la responsabilit\u00e9 de la soci\u00e9t\u00e9 Cabinet V\u00e9lite. Ces liens ne sont l\u00e0 qu\u2019\u00e0 titre indicatif.<\/p>\n<h2>Conception, design &amp; d\u00e9veloppement du site<\/h2>\n<p>Le Phare \u2013 <a title=\"Le Phare\" href=\"https:\/\/www.lephare.com\">www.lephare.com<\/a><\/p>\n","protected":false},"excerpt":{"rendered":"<p>Informations Directeur de la publication : Pierre-Marie de Berny Coordonn\u00e9es : V\u00e9lite 145, rue Yves Le Coz F-78000 Versailles France Informations l\u00e9gales Cabinet V\u00e9lite \u2013 Siret : 515 208 486 00040 Le site www.cabinet-velite.com est h\u00e9berg\u00e9 par la soci\u00e9t\u00e9 Alwaysdata. La r\u00e9servation du nom de domaine cabinet-velite.com a \u00e9t\u00e9 effectu\u00e9 par V\u00e9lite selon les dispositions [&hellip;]<\/p>\n","protected":false},"author":1,"featured_media":0,"parent":0,"menu_order":0,"comment_status":"closed","ping_status":"closed","template":"","meta":{"_acf_changed":false,"footnotes":""},"class_list":["post-114","page","type-page","status-publish","hentry"],"acf":[],"aioseo_notices":[],"_links":{"self":[{"href":"https:\/\/www.cabinet-velite.com\/en\/wp-json\/wp\/v2\/pages\/114","targetHints":{"allow":["GET"]}}],"collection":[{"href":"https:\/\/www.cabinet-velite.com\/en\/wp-json\/wp\/v2\/pages"}],"about":[{"href":"https:\/\/www.cabinet-velite.com\/en\/wp-json\/wp\/v2\/types\/page"}],"author":[{"embeddable":true,"href":"https:\/\/www.cabinet-velite.com\/en\/wp-json\/wp\/v2\/users\/1"}],"replies":[{"embeddable":true,"href":"https:\/\/www.cabinet-velite.com\/en\/wp-json\/wp\/v2\/comments?post=114"}],"version-history":[{"count":6,"href":"https:\/\/www.cabinet-velite.com\/en\/wp-json\/wp\/v2\/pages\/114\/revisions"}],"predecessor-version":[{"id":699,"href":"https:\/\/www.cabinet-velite.com\/en\/wp-json\/wp\/v2\/pages\/114\/revisions\/699"}],"wp:attachment":[{"href":"https:\/\/www.cabinet-velite.com\/en\/wp-json\/wp\/v2\/media?parent=114"}],"curies":[{"name":"wp","href":"https:\/\/api.w.org\/{rel}","templated":true}]}}